{"id":9203,"date":"2021-09-29T13:25:23","date_gmt":"2021-09-29T13:25:23","guid":{"rendered":"https:\/\/blog.jokerbet.es\/?page_id=9203"},"modified":"2024-07-16T14:54:27","modified_gmt":"2024-07-16T12:54:27","slug":"apuesta-de-sistema","status":"publish","type":"page","link":"https:\/\/www.jokerbet.es\/blog\/diccionario\/apuesta-de-sistema\/","title":{"rendered":"Apuesta de sistema"},"content":{"rendered":"\n<figure class=\"wp-block-image size-full\"><img loading=\"lazy\" decoding=\"async\" width=\"400\" height=\"400\" src=\"https:\/\/www.jokerbet.es\/blog\/wp-content\/uploads\/2021\/09\/apuesta-de-sistema.jpg\" alt=\"Apuesta de sistema\" class=\"wp-image-8711\"\/><\/figure>\n\n\n\n<h1 class=\"wp-block-heading\" id=\"h-apuestas-de-sistema\"><a><\/a>Apuestas de sistema<\/h1>\n\n\n\n<p>Las <strong>apuestas de sistema<\/strong> son un tipo de apuesta mediante la cual se pueden realizar <strong>agrupaciones de apuestas<\/strong> para conseguir <strong>cuotas m\u00e1s elevadas<\/strong> con la posibilidad de <strong>a<\/strong><strong>certar una gran parte<\/strong> de las combinaciones sin dar la apuesta como nula.<\/p>\n\n\n\n<p>Dicho de otro modo, las apuestas de sistema son bastante parecidas a las apuestas combinadas o m\u00faltiples. Sin embargo, este tipo de apuestas <strong>nos permitir\u00e1 fallar en algunos pron\u00f3sticos y poder, aun as\u00ed, conseguir ganancias<\/strong>.<\/p>\n\n\n\n<p>Por ejemplo, el tipo de apuesta de sistema m\u00e1s simple es el llamado<strong> \u201csistema Trixie\u201d o \u201c\u2154\u201d<\/strong>. Este sistema consiste de <strong>3 apuestas simples<\/strong> y para conseguir ganancias <strong>deber\u00e1s acertar 2 de las 3 selecciones.<\/strong><\/p>\n\n\n\n<h2 class=\"wp-block-heading\" id=\"h-tipos-de-apuestas-de-sistema\"><a><\/a>Tipos de apuestas de sistema<\/h2>\n\n\n\n<p>En este apartado te mostramos un listado con todos los tipos de apuestas de sistema que existen y que podr\u00e1s realizar en la secci\u00f3n de <a href=\"https:\/\/www.jokerbet.es\/apuestas-deportivas.html#\/prelive\">apuestas deportivas de <\/a><a href=\"https:\/\/www.jokerbet.es\/apuestas-deportivas.html#\/prelive\"><strong><em>JOKERBET<\/em><\/strong><\/a><strong><em>:<\/em><\/strong><\/p>\n\n\n\n<ul>\n<li><strong>Sistema trixie:<\/strong> consiste en 3 apuestas simples formadas por 3 apuestas combinadas dobles y una apuesta combinada triple. Deber\u00e1s acertar 2 de los 3 pron\u00f3sticos para lograr ganancias.<\/li>\n\n\n\n<li><strong>Canadian:<\/strong> sistema de apuestas con 5 pron\u00f3sticos compuestos de 26 apuestas distintas. En detalle, contamos con 10 apuestas combinadas de 2, 10 de 3, cinco apuestas de 4 y una apuesta de 5.<\/li>\n\n\n\n<li><strong>Goliath:<\/strong> en este sistema de apuestas tendremos que realizar 8 pron\u00f3sticos compuestos por 247 apuestas (28 apuestas dobles, 56 triples, 70 cu\u00e1druples, 28 qu\u00edntuples, 56 s\u00e9xtuples, 8 s\u00e9ptuples y una \u00f3ctuple).<\/li>\n\n\n\n<li><strong>Heinz:<\/strong> apuesta combinada de 6 predicciones formadas por un total de 57 apuestas. Deberemos, por tanto, realizar 15 apuestas dobles, 20 triples, 15 cu\u00e1druples, 6 qu\u00edntuples y una s\u00e9xtuple.<\/li>\n\n\n\n<li><strong>Lucky (15, 31 y 63):<\/strong> estos tipos de apuestas de sistema cuenta con 4, 5 y 6 pron\u00f3sticos respectivamente y est\u00e1 compuesto por el n\u00famero m\u00e1ximo de apuestas que se pueden realizar entre las selecciones.<\/li>\n\n\n\n<li><strong>Martingala:<\/strong> es un sistema de apuestas mediante el que se dobla el dinero invertido cada vez que se pronostica incorrectamente una selecci\u00f3n. De esta forma, cuando se acierta se consigue devolver la igualdad al bank.<\/li>\n\n\n\n<li><strong>Patent:<\/strong> 3 apuestas combinadas constituidas por 7 apuestas que son resultantes de todas las combinaciones que pueden darse entre ellas.<\/li>\n<\/ul>\n\n\n\n<p>Ahora ya conoces en qu\u00e9 consisten las apuestas de sistema y todos los sistemas que puedes utilizar. Accede a nuestra plataforma de apuestas deportivas y <strong>selecciona f\u00e1cilmente el tipo de apuesta de sistema<\/strong> que quieres realizar para que puedas seleccionar los pron\u00f3sticos paso a paso.<\/p>\n\n\n\n<p style=\"border: 1px solid #cacaca; padding: 5px;\"><strong>AVISO:<\/strong> la informaci\u00f3n recogida en esta p\u00e1gina tiene por objeto facilitar al usuario un r\u00e1pido conocimiento de las principales caracter\u00edsticas del juego. \u00c9sta recoge un extracto del formato, valores y mec\u00e1nicas del propio juego que se reflejan \u00edntegramente en las reglas del mismo y cuya lectura te aconsejamos. El contenido de esta p\u00e1gina carece de valor contractual y puede ser modificado en cualquier momento, acude siempre a las reglas de los juegos para obtener la \u00faltima informaci\u00f3n v\u00e1lida.<\/p>\n","protected":false},"excerpt":{"rendered":"<p>Apuestas de sistema Las apuestas de sistema son un tipo de apuesta mediante la cual se pueden realizar agrupaciones de apuestas para conseguir cuotas m\u00e1s elevadas con la posibilidad de acertar una gran parte de las combinaciones sin dar la&hellip;<\/p>\n","protected":false},"author":1,"featured_media":8711,"parent":660,"menu_order":1,"comment_status":"closed","ping_status":"closed","template":"","meta":{"footnotes":""},"_links":{"self":[{"href":"https:\/\/www.jokerbet.es\/blog\/wp-json\/wp\/v2\/pages\/9203"}],"collection":[{"href":"https:\/\/www.jokerbet.es\/blog\/wp-json\/wp\/v2\/pages"}],"about":[{"href":"https:\/\/www.jokerbet.es\/blog\/wp-json\/wp\/v2\/types\/page"}],"author":[{"embeddable":true,"href":"https:\/\/www.jokerbet.es\/blog\/wp-json\/wp\/v2\/users\/1"}],"replies":[{"embeddable":true,"href":"https:\/\/www.jokerbet.es\/blog\/wp-json\/wp\/v2\/comments?post=9203"}],"version-history":[{"count":6,"href":"https:\/\/www.jokerbet.es\/blog\/wp-json\/wp\/v2\/pages\/9203\/revisions"}],"predecessor-version":[{"id":10816,"href":"https:\/\/www.jokerbet.es\/blog\/wp-json\/wp\/v2\/pages\/9203\/revisions\/10816"}],"up":[{"embeddable":true,"href":"https:\/\/www.jokerbet.es\/blog\/wp-json\/wp\/v2\/pages\/660"}],"wp:featuredmedia":[{"embeddable":true,"href":"https:\/\/www.jokerbet.es\/blog\/wp-json\/wp\/v2\/media\/8711"}],"wp:attachment":[{"href":"https:\/\/www.jokerbet.es\/blog\/wp-json\/wp\/v2\/media?parent=9203"}],"curies":[{"name":"wp","href":"https:\/\/api.w.org\/{rel}","templated":true}]}}